{"id":6053,"date":"2023-10-26T08:37:26","date_gmt":"2023-10-26T08:37:26","guid":{"rendered":"http:\/\/turismopuntagorda.shidix.es\/?page_id=6053"},"modified":"2023-11-08T09:51:35","modified_gmt":"2023-11-08T09:51:35","slug":"mapas","status":"publish","type":"page","link":"http:\/\/turismopuntagorda.shidix.es\/index.php\/mapas\/","title":{"rendered":"Mapas"},"content":{"rendered":"\t\t<div data-elementor-type=\"wp-page\" data-elementor-id=\"6053\" class=\"elementor elementor-6053\">\n\t\t\t\t\t\t\t\t\t<section class=\"elementor-section elementor-top-section elementor-element elementor-element-8bc1712 elementor-section-boxed elementor-section-height-default elementor-section-height-default\" data-id=\"8bc1712\" data-element_type=\"section\">\n\t\t\t\t\t\t<div class=\"elementor-container elementor-column-gap-default\">\n\t\t\t\t\t<div class=\"elementor-column elementor-col-33 elementor-top-column elementor-element elementor-element-2afdb8b\" data-id=\"2afdb8b\" data-element_type=\"column\">\n\t\t\t<div class=\"elementor-widget-wrap elementor-element-populated\">\n\t\t\t\t\t\t\t\t<div class=\"elementor-element elementor-element-d9c0f4d elementor-position-top elementor-vertical-align-top elementor-widget elementor-widget-image-box\" data-id=\"d9c0f4d\" data-element_type=\"widget\" data-widget_type=\"image-box.default\">\n\t\t\t\t<div class=\"elementor-widget-container\">\n\t\t\t<style>\/*! elementor - v3.9.2 - 21-12-2022 *\/\n.elementor-widget-image-box .elementor-image-box-content{width:100%}@media (min-width:768px){.elementor-widget-image-box.elementor-position-left .elementor-image-box-wrapper,.elementor-widget-image-box.elementor-position-right .elementor-image-box-wrapper{display:flex}.elementor-widget-image-box.elementor-position-right .elementor-image-box-wrapper{text-align:right;flex-direction:row-reverse}.elementor-widget-image-box.elementor-position-left .elementor-image-box-wrapper{text-align:left;flex-direction:row}.elementor-widget-image-box.elementor-position-top .elementor-image-box-img{margin:auto}.elementor-widget-image-box.elementor-vertical-align-top .elementor-image-box-wrapper{align-items:flex-start}.elementor-widget-image-box.elementor-vertical-align-middle .elementor-image-box-wrapper{align-items:center}.elementor-widget-image-box.elementor-vertical-align-bottom .elementor-image-box-wrapper{align-items:flex-end}}@media (max-width:767px){.elementor-widget-image-box .elementor-image-box-img{margin-left:auto!important;margin-right:auto!important;margin-bottom:15px}}.elementor-widget-image-box .elementor-image-box-img{display:inline-block}.elementor-widget-image-box .elementor-image-box-title a{color:inherit}.elementor-widget-image-box .elementor-image-box-wrapper{text-align:center}.elementor-widget-image-box .elementor-image-box-description{margin:0}<\/style><div class=\"elementor-image-box-wrapper\"><figure class=\"elementor-image-box-img\"><a href=\"http:\/\/turismopuntagorda.shidix.es\/wp-content\/uploads\/2023\/10\/senderos_puntagorda_A3__page-0001-scaled.jpg\" target=\"_blank\"><img width=\"150\" height=\"150\" src=\"http:\/\/turismopuntagorda.shidix.es\/wp-content\/uploads\/2023\/10\/senderos_puntagorda_A3__page-0001-150x150.jpg\" class=\"attachment-thumbnail size-thumbnail wp-image-6028\" alt=\"\" loading=\"lazy\" srcset=\"http:\/\/turismopuntagorda.shidix.es\/wp-content\/uploads\/2023\/10\/senderos_puntagorda_A3__page-0001-150x150.jpg 150w, http:\/\/turismopuntagorda.shidix.es\/wp-content\/uploads\/2023\/10\/senderos_puntagorda_A3__page-0001-300x300.jpg 300w, http:\/\/turismopuntagorda.shidix.es\/wp-content\/uploads\/2023\/10\/elementor\/thumbs\/senderos_puntagorda_A3__page-0001-scaled-qea3h0ck26b7ycmr6w0tu3zv1hchiceuufeyxmu5rk.jpg 120w\" sizes=\"(max-width: 150px) 100vw, 150px\" \/><\/a><\/figure><div class=\"elementor-image-box-content\"><h3 class=\"elementor-image-box-title\"><a href=\"http:\/\/turismopuntagorda.shidix.es\/wp-content\/uploads\/2023\/10\/senderos_puntagorda_A3__page-0001-scaled.jpg\" target=\"_blank\">Mapas de Senderos<\/a><\/h3><p class=\"elementor-image-box-description\">Para descargar el Mapa de Senderos pincha sobre el t\u00edtulo.<\/p><\/div><\/div>\t\t<\/div>\n\t\t\t\t<\/div>\n\t\t\t\t\t<\/div>\n\t\t<\/div>\n\t\t\t\t<div class=\"elementor-column elementor-col-33 elementor-top-column elementor-element elementor-element-5001c2d\" data-id=\"5001c2d\" data-element_type=\"column\">\n\t\t\t<div class=\"elementor-widget-wrap elementor-element-populated\">\n\t\t\t\t\t\t\t\t<div class=\"elementor-element elementor-element-3bc8c7d elementor-position-top elementor-vertical-align-top elementor-widget elementor-widget-image-box\" data-id=\"3bc8c7d\" data-element_type=\"widget\" data-widget_type=\"image-box.default\">\n\t\t\t\t<div class=\"elementor-widget-container\">\n\t\t\t<div class=\"elementor-image-box-wrapper\"><figure class=\"elementor-image-box-img\"><a href=\"http:\/\/turismopuntagorda.shidix.es\/wp-content\/uploads\/2023\/10\/rutas-recomendadas.pdf\" target=\"_blank\"><img width=\"818\" height=\"856\" src=\"http:\/\/turismopuntagorda.shidix.es\/wp-content\/uploads\/2023\/10\/rutas-recomendadas.png\" class=\"attachment-full size-full wp-image-6029\" alt=\"\" loading=\"lazy\" srcset=\"http:\/\/turismopuntagorda.shidix.es\/wp-content\/uploads\/2023\/10\/rutas-recomendadas.png 818w, http:\/\/turismopuntagorda.shidix.es\/wp-content\/uploads\/2023\/10\/rutas-recomendadas-287x300.png 287w, http:\/\/turismopuntagorda.shidix.es\/wp-content\/uploads\/2023\/10\/rutas-recomendadas-768x804.png 768w\" sizes=\"(max-width: 818px) 100vw, 818px\" \/><\/a><\/figure><div class=\"elementor-image-box-content\"><h3 class=\"elementor-image-box-title\"><a href=\"http:\/\/turismopuntagorda.shidix.es\/wp-content\/uploads\/2023\/10\/rutas-recomendadas.pdf\" target=\"_blank\">Rutas Recomendadas<\/a><\/h3><p class=\"elementor-image-box-description\">Para descargar el Mapa de Rutas pincha sobre el t\u00edtulo.<\/p><\/div><\/div>\t\t<\/div>\n\t\t\t\t<\/div>\n\t\t\t\t\t<\/div>\n\t\t<\/div>\n\t\t\t\t<div class=\"elementor-column elementor-col-33 elementor-top-column elementor-element elementor-element-d08a536\" data-id=\"d08a536\" data-element_type=\"column\">\n\t\t\t<div class=\"elementor-widget-wrap elementor-element-populated\">\n\t\t\t\t\t\t\t\t<div class=\"elementor-element elementor-element-ee2763f elementor-position-top elementor-vertical-align-top elementor-widget elementor-widget-image-box\" data-id=\"ee2763f\" data-element_type=\"widget\" data-widget_type=\"image-box.default\">\n\t\t\t\t<div class=\"elementor-widget-container\">\n\t\t\t<div class=\"elementor-image-box-wrapper\"><figure class=\"elementor-image-box-img\"><a href=\"http:\/\/turismopuntagorda.shidix.es\/wp-content\/uploads\/2023\/10\/PG-Stadtplan-23-DIN-4-2.pdf\" target=\"_blank\"><img width=\"150\" height=\"150\" src=\"http:\/\/turismopuntagorda.shidix.es\/wp-content\/uploads\/2023\/10\/Captura-desde-2023-10-23-12-17-29-150x150.png\" class=\"attachment-thumbnail size-thumbnail wp-image-6045\" alt=\"\" loading=\"lazy\" srcset=\"http:\/\/turismopuntagorda.shidix.es\/wp-content\/uploads\/2023\/10\/Captura-desde-2023-10-23-12-17-29-150x150.png 150w, http:\/\/turismopuntagorda.shidix.es\/wp-content\/uploads\/2023\/10\/Captura-desde-2023-10-23-12-17-29-300x300.png 300w, http:\/\/turismopuntagorda.shidix.es\/wp-content\/uploads\/2023\/10\/elementor\/thumbs\/Captura-desde-2023-10-23-12-17-29-qea6sijuyvwm1l1kd1o9cgcly2bh4zuaxxcch3n8og.png 120w\" sizes=\"(max-width: 150px) 100vw, 150px\" \/><\/a><\/figure><div class=\"elementor-image-box-content\"><h3 class=\"elementor-image-box-title\"><a href=\"http:\/\/turismopuntagorda.shidix.es\/wp-content\/uploads\/2023\/10\/PG-Stadtplan-23-DIN-4-2.pdf\" target=\"_blank\">Callejero<\/a><\/h3><p class=\"elementor-image-box-description\">Para descargar el Callejero pincha sobre el t\u00edtulo.<\/p><\/div><\/div>\t\t<\/div>\n\t\t\t\t<\/div>\n\t\t\t\t\t<\/div>\n\t\t<\/div>\n\t\t\t\t\t\t\t<\/div>\n\t\t<\/section>\n\t\t\t\t\t\t\t<\/div>\n\t\t","protected":false},"excerpt":{"rendered":"<p>Mapas de Senderos Para descargar el Mapa de Senderos pincha sobre el t\u00edtulo. Rutas Recomendadas Para descargar el Mapa de Rutas pincha sobre el t\u00edtulo. Callejero Para descargar el Callejero pincha sobre el t\u00edtulo.<\/p>\n","protected":false},"author":1,"featured_media":0,"parent":0,"menu_order":0,"comment_status":"closed","ping_status":"closed","template":"","meta":{"_eb_attr":""},"_links":{"self":[{"href":"http:\/\/turismopuntagorda.shidix.es\/index.php\/wp-json\/wp\/v2\/pages\/6053"}],"collection":[{"href":"http:\/\/turismopuntagorda.shidix.es\/index.php\/wp-json\/wp\/v2\/pages"}],"about":[{"href":"http:\/\/turismopuntagorda.shidix.es\/index.php\/wp-json\/wp\/v2\/types\/page"}],"author":[{"embeddable":true,"href":"http:\/\/turismopuntagorda.shidix.es\/index.php\/wp-json\/wp\/v2\/users\/1"}],"replies":[{"embeddable":true,"href":"http:\/\/turismopuntagorda.shidix.es\/index.php\/wp-json\/wp\/v2\/comments?post=6053"}],"version-history":[{"count":34,"href":"http:\/\/turismopuntagorda.shidix.es\/index.php\/wp-json\/wp\/v2\/pages\/6053\/revisions"}],"predecessor-version":[{"id":6089,"href":"http:\/\/turismopuntagorda.shidix.es\/index.php\/wp-json\/wp\/v2\/pages\/6053\/revisions\/6089"}],"wp:attachment":[{"href":"http:\/\/turismopuntagorda.shidix.es\/index.php\/wp-json\/wp\/v2\/media?parent=6053"}],"curies":[{"name":"wp","href":"https:\/\/api.w.org\/{rel}","templated":true}]}}