{"id":5164,"date":"2023-05-22T09:44:30","date_gmt":"2023-05-22T09:44:30","guid":{"rendered":"http:\/\/turismopuntagorda.shidix.es\/?page_id=5164"},"modified":"2023-10-19T14:28:17","modified_gmt":"2023-10-19T14:28:17","slug":"puerto-embarcadero-natural-de-puntagorda","status":"publish","type":"page","link":"http:\/\/turismopuntagorda.shidix.es\/index.php\/puerto-embarcadero-natural-de-puntagorda\/","title":{"rendered":"Puerto \u2013 Embarcadero natural de Puntagorda"},"content":{"rendered":"\t\t<div data-elementor-type=\"wp-page\" data-elementor-id=\"5164\" class=\"elementor elementor-5164\">\n\t\t\t\t\t\t\t\t\t<section class=\"elementor-section elementor-top-section elementor-element elementor-element-56e0039e elementor-section-boxed elementor-section-height-default elementor-section-height-default\" data-id=\"56e0039e\" data-element_type=\"section\">\n\t\t\t\t\t\t<div class=\"elementor-container elementor-column-gap-default\">\n\t\t\t\t\t<div class=\"elementor-column elementor-col-100 elementor-top-column elementor-element elementor-element-5b348835\" data-id=\"5b348835\" data-element_type=\"column\">\n\t\t\t<div class=\"elementor-widget-wrap elementor-element-populated\">\n\t\t\t\t\t\t\t\t<div class=\"elementor-element elementor-element-d47e3e7 elementor-widget elementor-widget-text-editor\" data-id=\"d47e3e7\" data-element_type=\"widget\" data-widget_type=\"text-editor.default\">\n\t\t\t\t<div class=\"elementor-widget-container\">\n\t\t\t<style>\/*! elementor - v3.9.2 - 21-12-2022 *\/\n.elementor-widget-text-editor.elementor-drop-cap-view-stacked .elementor-drop-cap{background-color:#818a91;color:#fff}.elementor-widget-text-editor.elementor-drop-cap-view-framed .elementor-drop-cap{color:#818a91;border:3px solid;background-color:transparent}.elementor-widget-text-editor:not(.elementor-drop-cap-view-default) .elementor-drop-cap{margin-top:8px}.elementor-widget-text-editor:not(.elementor-drop-cap-view-default) .elementor-drop-cap-letter{width:1em;height:1em}.elementor-widget-text-editor .elementor-drop-cap{float:left;text-align:center;line-height:1;font-size:50px}.elementor-widget-text-editor .elementor-drop-cap-letter{display:inline-block}<\/style>\t\t\t\t<!-- wp:paragraph -->\n<p>La escarpada costa de la comarca noroeste hace imposible el acceso en veh\u00edculo al mar. No obstante, existe este puerto o embarcadero natural (por\u00eds), con acceso a pie por el acantilado, descendiendo desde el aparcamiento por unos 400 escalones, hasta llegar al mar.<\/p>\n<!-- \/wp:paragraph --><!-- wp:paragraph -->\n<p>El dominado puerto de Puntagorda es un espacio natural que cuenta con dos piscinas y zonas habilitadas para el ba\u00f1o. Sus majestuosos acantilados y las aguas cristalinas que ba\u00f1an su costa hacen de este un lugar id\u00f3neo para relajarse y disfrutar de la paz y tranquilidad. Pero si decide visitarlo, tenga en cuenta la ausencia de servicios y la posible alta peligrosidad que puede tener esta zona, tanto en malas condiciones de mar como en momentos que la mar parece en calma.<\/p>\n<!-- \/wp:paragraph --><!-- wp:gallery {\"linkTo\":\"none\"} -->\n<figure class=\"wp-block-gallery has-nested-images columns-default is-cropped\"><!-- wp:image {\"id\":5168,\"sizeSlug\":\"large\",\"linkDestination\":\"none\"} -->\n<figure class=\"wp-block-image size-large\"><\/figure>\n<!-- \/wp:image --><!-- wp:image {\"id\":5165,\"sizeSlug\":\"full\",\"linkDestination\":\"none\"} -->\n<figure class=\"wp-block-image size-full\"><\/figure>\n<!-- \/wp:image --><!-- wp:image {\"id\":5166,\"sizeSlug\":\"large\",\"linkDestination\":\"none\"} -->\n<figure class=\"wp-block-image size-large\"><\/figure>\n<!-- \/wp:image --><!-- wp:image {\"id\":5167,\"sizeSlug\":\"full\",\"linkDestination\":\"none\"} -->\n<figure class=\"wp-block-image size-full\"><\/figure>\n<!-- \/wp:image --><\/figure>\n<!-- \/wp:gallery --><!-- wp:paragraph -->\n<p>\u00a0<\/p>\n<!-- \/wp:paragraph -->\t\t\t\t\t\t<\/div>\n\t\t\t\t<\/div>\n\t\t\t\t\t<\/div>\n\t\t<\/div>\n\t\t\t\t\t\t\t<\/div>\n\t\t<\/section>\n\t\t\t\t<section class=\"elementor-section elementor-top-section elementor-element elementor-element-cbd8e63 elementor-section-boxed elementor-section-height-default elementor-section-height-default\" data-id=\"cbd8e63\" data-element_type=\"section\">\n\t\t\t\t\t\t<div class=\"elementor-container elementor-column-gap-default\">\n\t\t\t\t\t<div class=\"elementor-column elementor-col-33 elementor-top-column elementor-element elementor-element-6f77daf\" data-id=\"6f77daf\" data-element_type=\"column\">\n\t\t\t<div class=\"elementor-widget-wrap elementor-element-populated\">\n\t\t\t\t\t\t\t\t<div class=\"elementor-element elementor-element-03db2fe elementor-widget elementor-widget-image\" data-id=\"03db2fe\" data-element_type=\"widget\" data-widget_type=\"image.default\">\n\t\t\t\t<div class=\"elementor-widget-container\">\n\t\t\t<style>\/*! elementor - v3.9.2 - 21-12-2022 *\/\n.elementor-widget-image{text-align:center}.elementor-widget-image a{display:inline-block}.elementor-widget-image a img[src$=\".svg\"]{width:48px}.elementor-widget-image img{vertical-align:middle;display:inline-block}<\/style>\t\t\t\t\t\t\t\t\t\t\t\t<img width=\"600\" height=\"404\" src=\"http:\/\/turismopuntagorda.shidix.es\/wp-content\/uploads\/2023\/05\/puerto.jpg\" class=\"attachment-large size-large wp-image-5168\" alt=\"\" loading=\"lazy\" srcset=\"http:\/\/turismopuntagorda.shidix.es\/wp-content\/uploads\/2023\/05\/puerto.jpg 600w, http:\/\/turismopuntagorda.shidix.es\/wp-content\/uploads\/2023\/05\/puerto-300x202.jpg 300w\" sizes=\"(max-width: 600px) 100vw, 600px\" \/>\t\t\t\t\t\t\t\t\t\t\t\t\t\t\t<\/div>\n\t\t\t\t<\/div>\n\t\t\t\t\t<\/div>\n\t\t<\/div>\n\t\t\t\t<div class=\"elementor-column elementor-col-33 elementor-top-column elementor-element elementor-element-ce6bda0\" data-id=\"ce6bda0\" data-element_type=\"column\">\n\t\t\t<div class=\"elementor-widget-wrap elementor-element-populated\">\n\t\t\t\t\t\t\t\t<div class=\"elementor-element elementor-element-1efc706 elementor-widget elementor-widget-image\" data-id=\"1efc706\" data-element_type=\"widget\" data-widget_type=\"image.default\">\n\t\t\t\t<div class=\"elementor-widget-container\">\n\t\t\t\t\t\t\t\t\t\t\t\t\t\t\t<img width=\"225\" height=\"300\" src=\"http:\/\/turismopuntagorda.shidix.es\/wp-content\/uploads\/2023\/05\/puerto-3-225x300.jpeg\" class=\"attachment-medium size-medium wp-image-5165\" alt=\"\" loading=\"lazy\" srcset=\"http:\/\/turismopuntagorda.shidix.es\/wp-content\/uploads\/2023\/05\/puerto-3-225x300.jpeg 225w, http:\/\/turismopuntagorda.shidix.es\/wp-content\/uploads\/2023\/05\/puerto-3.jpeg 450w\" sizes=\"(max-width: 225px) 100vw, 225px\" \/>\t\t\t\t\t\t\t\t\t\t\t\t\t\t\t<\/div>\n\t\t\t\t<\/div>\n\t\t\t\t\t<\/div>\n\t\t<\/div>\n\t\t\t\t<div class=\"elementor-column elementor-col-33 elementor-top-column elementor-element elementor-element-c1904b3\" data-id=\"c1904b3\" data-element_type=\"column\">\n\t\t\t<div class=\"elementor-widget-wrap elementor-element-populated\">\n\t\t\t\t\t\t\t\t<div class=\"elementor-element elementor-element-82591f1 elementor-widget elementor-widget-image\" data-id=\"82591f1\" data-element_type=\"widget\" data-widget_type=\"image.default\">\n\t\t\t\t<div class=\"elementor-widget-container\">\n\t\t\t\t\t\t\t\t\t\t\t\t\t\t\t<img width=\"600\" height=\"449\" src=\"http:\/\/turismopuntagorda.shidix.es\/wp-content\/uploads\/2023\/05\/puerto-1.jpg\" class=\"attachment-large size-large wp-image-5167\" alt=\"\" loading=\"lazy\" srcset=\"http:\/\/turismopuntagorda.shidix.es\/wp-content\/uploads\/2023\/05\/puerto-1.jpg 600w, http:\/\/turismopuntagorda.shidix.es\/wp-content\/uploads\/2023\/05\/puerto-1-300x225.jpg 300w\" sizes=\"(max-width: 600px) 100vw, 600px\" \/>\t\t\t\t\t\t\t\t\t\t\t\t\t\t\t<\/div>\n\t\t\t\t<\/div>\n\t\t\t\t\t<\/div>\n\t\t<\/div>\n\t\t\t\t\t\t\t<\/div>\n\t\t<\/section>\n\t\t\t\t<section class=\"elementor-section elementor-top-section elementor-element elementor-element-fd082fa elementor-section-boxed elementor-section-height-default elementor-section-height-default\" data-id=\"fd082fa\" data-element_type=\"section\">\n\t\t\t\t\t\t<div class=\"elementor-container elementor-column-gap-default\">\n\t\t\t\t\t<div class=\"elementor-column elementor-col-33 elementor-top-column elementor-element elementor-element-ee8cefe\" data-id=\"ee8cefe\" data-element_type=\"column\">\n\t\t\t<div class=\"elementor-widget-wrap elementor-element-populated\">\n\t\t\t\t\t\t\t\t<div class=\"elementor-element elementor-element-a0eb9cf elementor-widget elementor-widget-image\" data-id=\"a0eb9cf\" data-element_type=\"widget\" data-widget_type=\"image.default\">\n\t\t\t\t<div class=\"elementor-widget-container\">\n\t\t\t\t\t\t\t\t\t\t\t\t\t\t\t<img width=\"640\" height=\"480\" src=\"http:\/\/turismopuntagorda.shidix.es\/wp-content\/uploads\/2023\/10\/puerto-embarcadero-natural-1024x768.jpg\" class=\"attachment-large size-large wp-image-5890\" alt=\"\" loading=\"lazy\" srcset=\"http:\/\/turismopuntagorda.shidix.es\/wp-content\/uploads\/2023\/10\/puerto-embarcadero-natural-1024x768.jpg 1024w, http:\/\/turismopuntagorda.shidix.es\/wp-content\/uploads\/2023\/10\/puerto-embarcadero-natural-300x225.jpg 300w, http:\/\/turismopuntagorda.shidix.es\/wp-content\/uploads\/2023\/10\/puerto-embarcadero-natural-768x576.jpg 768w, http:\/\/turismopuntagorda.shidix.es\/wp-content\/uploads\/2023\/10\/puerto-embarcadero-natural-1536x1152.jpg 1536w, http:\/\/turismopuntagorda.shidix.es\/wp-content\/uploads\/2023\/10\/puerto-embarcadero-natural.jpg 2048w\" sizes=\"(max-width: 640px) 100vw, 640px\" \/>\t\t\t\t\t\t\t\t\t\t\t\t\t\t\t<\/div>\n\t\t\t\t<\/div>\n\t\t\t\t\t<\/div>\n\t\t<\/div>\n\t\t\t\t<div class=\"elementor-column elementor-col-33 elementor-top-column elementor-element elementor-element-215b4db\" data-id=\"215b4db\" data-element_type=\"column\">\n\t\t\t<div class=\"elementor-widget-wrap elementor-element-populated\">\n\t\t\t\t\t\t\t\t<div class=\"elementor-element elementor-element-a3c3263 elementor-widget elementor-widget-image\" data-id=\"a3c3263\" data-element_type=\"widget\" data-widget_type=\"image.default\">\n\t\t\t\t<div class=\"elementor-widget-container\">\n\t\t\t\t\t\t\t\t\t\t\t\t\t\t\t<img width=\"640\" height=\"480\" src=\"http:\/\/turismopuntagorda.shidix.es\/wp-content\/uploads\/2023\/10\/puerto-embarcadero-natural.jpeg\" class=\"attachment-large size-large wp-image-5889\" alt=\"\" loading=\"lazy\" srcset=\"http:\/\/turismopuntagorda.shidix.es\/wp-content\/uploads\/2023\/10\/puerto-embarcadero-natural.jpeg 1024w, http:\/\/turismopuntagorda.shidix.es\/wp-content\/uploads\/2023\/10\/puerto-embarcadero-natural-300x225.jpeg 300w, http:\/\/turismopuntagorda.shidix.es\/wp-content\/uploads\/2023\/10\/puerto-embarcadero-natural-768x576.jpeg 768w\" sizes=\"(max-width: 640px) 100vw, 640px\" \/>\t\t\t\t\t\t\t\t\t\t\t\t\t\t\t<\/div>\n\t\t\t\t<\/div>\n\t\t\t\t\t<\/div>\n\t\t<\/div>\n\t\t\t\t<div class=\"elementor-column elementor-col-33 elementor-top-column elementor-element elementor-element-b7f7642\" data-id=\"b7f7642\" data-element_type=\"column\">\n\t\t\t<div class=\"elementor-widget-wrap elementor-element-populated\">\n\t\t\t\t\t\t\t\t<div class=\"elementor-element elementor-element-623df26 elementor-widget elementor-widget-image\" data-id=\"623df26\" data-element_type=\"widget\" data-widget_type=\"image.default\">\n\t\t\t\t<div class=\"elementor-widget-container\">\n\t\t\t\t\t\t\t\t\t\t\t\t\t\t\t<img width=\"640\" height=\"480\" src=\"http:\/\/turismopuntagorda.shidix.es\/wp-content\/uploads\/2023\/10\/puerto-embarcadero-natural-2.jpg\" class=\"attachment-large size-large wp-image-5888\" alt=\"\" loading=\"lazy\" srcset=\"http:\/\/turismopuntagorda.shidix.es\/wp-content\/uploads\/2023\/10\/puerto-embarcadero-natural-2.jpg 800w, http:\/\/turismopuntagorda.shidix.es\/wp-content\/uploads\/2023\/10\/puerto-embarcadero-natural-2-300x225.jpg 300w, http:\/\/turismopuntagorda.shidix.es\/wp-content\/uploads\/2023\/10\/puerto-embarcadero-natural-2-768x576.jpg 768w\" sizes=\"(max-width: 640px) 100vw, 640px\" \/>\t\t\t\t\t\t\t\t\t\t\t\t\t\t\t<\/div>\n\t\t\t\t<\/div>\n\t\t\t\t\t<\/div>\n\t\t<\/div>\n\t\t\t\t\t\t\t<\/div>\n\t\t<\/section>\n\t\t\t\t\t\t\t<\/div>\n\t\t","protected":false},"excerpt":{"rendered":"<p>La escarpada costa de la comarca noroeste hace imposible el acceso en veh\u00edculo al mar. No obstante, existe este puerto o embarcadero natural (por\u00eds), con acceso a pie por el acantilado, descendiendo desde el aparcamiento por unos 400 escalones, hasta llegar al mar. El dominado puerto de Puntagorda es un espacio natural que cuenta con dos piscinas y zonas habilitadas&#8230;<\/p>\n","protected":false},"author":1,"featured_media":0,"parent":0,"menu_order":0,"comment_status":"closed","ping_status":"closed","template":"","meta":{"_eb_attr":""},"_links":{"self":[{"href":"http:\/\/turismopuntagorda.shidix.es\/index.php\/wp-json\/wp\/v2\/pages\/5164"}],"collection":[{"href":"http:\/\/turismopuntagorda.shidix.es\/index.php\/wp-json\/wp\/v2\/pages"}],"about":[{"href":"http:\/\/turismopuntagorda.shidix.es\/index.php\/wp-json\/wp\/v2\/types\/page"}],"author":[{"embeddable":true,"href":"http:\/\/turismopuntagorda.shidix.es\/index.php\/wp-json\/wp\/v2\/users\/1"}],"replies":[{"embeddable":true,"href":"http:\/\/turismopuntagorda.shidix.es\/index.php\/wp-json\/wp\/v2\/comments?post=5164"}],"version-history":[{"count":5,"href":"http:\/\/turismopuntagorda.shidix.es\/index.php\/wp-json\/wp\/v2\/pages\/5164\/revisions"}],"predecessor-version":[{"id":5893,"href":"http:\/\/turismopuntagorda.shidix.es\/index.php\/wp-json\/wp\/v2\/pages\/5164\/revisions\/5893"}],"wp:attachment":[{"href":"http:\/\/turismopuntagorda.shidix.es\/index.php\/wp-json\/wp\/v2\/media?parent=5164"}],"curies":[{"name":"wp","href":"https:\/\/api.w.org\/{rel}","templated":true}]}}