{"id":2020,"date":"2023-01-19T11:14:06","date_gmt":"2023-01-19T11:14:06","guid":{"rendered":"http:\/\/turismopuntagorda.shidix.es\/?page_id=2020"},"modified":"2023-01-19T11:27:14","modified_gmt":"2023-01-19T11:27:14","slug":"camino-de-gutierrez","status":"publish","type":"page","link":"http:\/\/turismopuntagorda.shidix.es\/index.php\/camino-de-gutierrez\/","title":{"rendered":"Camino de Gutierrez"},"content":{"rendered":"\t\t<div data-elementor-type=\"wp-page\" data-elementor-id=\"2020\" class=\"elementor elementor-2020\">\n\t\t\t\t\t\t\t\t\t<section class=\"elementor-section elementor-top-section elementor-element elementor-element-cda9a25 elementor-section-boxed elementor-section-height-default elementor-section-height-default\" data-id=\"cda9a25\" data-element_type=\"section\">\n\t\t\t\t\t\t<div class=\"elementor-container elementor-column-gap-default\">\n\t\t\t\t\t<div class=\"elementor-column elementor-col-100 elementor-top-column elementor-element elementor-element-47e9e883\" data-id=\"47e9e883\" data-element_type=\"column\">\n\t\t\t<div class=\"elementor-widget-wrap elementor-element-populated\">\n\t\t\t\t\t\t\t\t<div class=\"elementor-element elementor-element-1128b6df elementor-widget elementor-widget-text-editor\" data-id=\"1128b6df\" data-element_type=\"widget\" data-widget_type=\"text-editor.default\">\n\t\t\t\t<div class=\"elementor-widget-container\">\n\t\t\t<style>\/*! elementor - v3.9.2 - 21-12-2022 *\/\n.elementor-widget-text-editor.elementor-drop-cap-view-stacked .elementor-drop-cap{background-color:#818a91;color:#fff}.elementor-widget-text-editor.elementor-drop-cap-view-framed .elementor-drop-cap{color:#818a91;border:3px solid;background-color:transparent}.elementor-widget-text-editor:not(.elementor-drop-cap-view-default) .elementor-drop-cap{margin-top:8px}.elementor-widget-text-editor:not(.elementor-drop-cap-view-default) .elementor-drop-cap-letter{width:1em;height:1em}.elementor-widget-text-editor .elementor-drop-cap{float:left;text-align:center;line-height:1;font-size:50px}.elementor-widget-text-editor .elementor-drop-cap-letter{display:inline-block}<\/style>\t\t\t\t<!-- wp:html -->\n<p style=\"text-align: left;\"><strong>Descarga el folleto<\/strong><\/p>\n<div style=\"width: 100%; float: left; margin-bottom: 15px;\">\n<div style=\"float: left; width: 35px;\"><a href=\"\/wp-content\/uploads\/2023\/01\/Guti-es.pdf\"><img loading=\"lazy\" class=\"alignnone wp-image-1141 size-full\" src=\"\/wp-content\/uploads\/2023\/01\/es.png\" alt=\"es\" width=\"25\" height=\"25\" \/><\/a><\/div>\n<div style=\"float: left; width: 35px;\"><a href=\"\/wp-content\/uploads\/2023\/01\/Guti-es.pdf\"><img loading=\"lazy\" class=\"alignnone wp-image-1140 size-full\" src=\"\/wp-content\/uploads\/2023\/01\/en.png\" alt=\"en\" width=\"24\" height=\"24\" \/><\/a><\/div>\n<div style=\"float: left; width: 35px;\"><a href=\"\/wp-content\/uploads\/2023\/01\/Guti-de.pdf\"><img loading=\"lazy\" class=\"alignnone wp-image-1139 size-full\" src=\"\/wp-content\/uploads\/2023\/01\/de.png\" alt=\"de\" width=\"24\" height=\"24\" \/><\/a><\/div>\n<\/div>\n<p><img loading=\"lazy\" class=\"alignleft wp-image-459 size-full\" src=\"\/wp-content\/uploads\/2023\/01\/banners_gutierrez.png\" alt=\"banners_gutierrez.png\" width=\"124\" height=\"252\" \/><\/p>\n<p>El Camino de Guti\u00e9rrez (SL LP 62) es un sendero de 3 Km y 400 metros que transita por la costa norte del municipio de Puntagorda para visitar El Mirador de La Cruz de La Reina y contemplar los acantilados de Guti\u00e9rrez y la costa noroeste de la isla de La Palma. A partir de aqu\u00ed nuestro sendero zigzaguea por la costa norte de Puntagorda, abierta al embate de los alisios que peinan los matorrales de brezo y doblegan alg\u00fan pino ocasional.<br \/>El sendero es un complemento del Camino Mercadillo del Agricultor \u2013 Mirador de Los Dragos (PR LP 11.1). A la altura del Camino de Matos (Km 2,7), abandonamos el PR LP 11.1 y giramos a la derecha por una pista de tierra que nos conducir\u00e1 hasta El Mirador de La Cruz de La Reina.<\/p>\n<p>Recorrido el primer kilometro, nuestro sendero se asoma al barranco de Hiscagu\u00e1n desde un mirador natural, donde podremos admirar el profundo barranco que delimita Puntagorda del municipio de Garaf\u00eda.<\/p>\n<p>Caminando entre terrenos despejados y escalonados por paredes de piedra, el sendero prosigue sus vueltas en direcci\u00f3n al mar y de nuevo vuelve acercarse al veril del barranco, donde ya podremos observar su desembocadura.<\/p>\n<p>Ahora el sendero se dirige hacia el barranquillo de Guti\u00e9rrez y tras cruzarlo, se dirige lomo abajo, en cuatro vueltas r\u00e1pidas, hacia El Mirador. Desde aqu\u00ed podremos contemplar, en toda su amplitud, el Espacio Natural Protegido del \u201cMonumento Natural de La Costa de Hiscagu\u00e1n\u201d, enclavado en el litoral noroeste de la isla de La Palma.<\/p>\n<p>Finalmente, podremos seguir descendiendo por un sendero acondicionado con escalones y vallado de protecci\u00f3n hasta otro peque\u00f1o mirador, ya situado sobre los mismos batientes del mar. Desde este mirador podremos observar la playa y el antiguo puerto natural de Guti\u00e9rrez, apellido que se pierde en los anales de la historia y que tal vez tenga relaci\u00f3n con \u201cCrist\u00f3bal Gutierres, primer alcalde de Tixarafe, Aguatabar y Puntagorda\u201d, all\u00e1 por el a\u00f1o de 1554.<\/p>\n<p><img loading=\"lazy\" class=\"alignleft size-large wp-image-463\" src=\"\/wp-content\/uploads\/2023\/01\/perfil_gutierrez.jpg\" alt=\"gutierrez\" width=\"604\" height=\"256\" \/><\/p>\n<div style=\"width: 100%; display: inline-block;\">\u00a0<\/div>\n<div style=\"width: 100%; display: inline-block;\"><a href=\"http:\/\/puntagorda.shidix.es\/wp-content\/uploads\/2016\/05\/20130314114301_SLLP60.gpx\" download=\"\">Fichero GPX<\/a><br \/><a href=\"http:\/\/puntagorda.shidix.es\/wp-content\/uploads\/2016\/05\/20130314114301_SLLP60.kmz\" download=\"\">Fichero KML<\/a><\/div>\n<div style=\"width: 100%; display: inline-block;\">\u00a0<\/div>\n<!-- \/wp:html -->\t\t\t\t\t\t<\/div>\n\t\t\t\t<\/div>\n\t\t\t\t\t<\/div>\n\t\t<\/div>\n\t\t\t\t\t\t\t<\/div>\n\t\t<\/section>\n\t\t\t\t\t\t\t<\/div>\n\t\t","protected":false},"excerpt":{"rendered":"<p>Descarga el folleto El Camino de Guti\u00e9rrez (SL LP 62) es un sendero de 3 Km y 400 metros que transita por la costa norte del municipio de Puntagorda para visitar El Mirador de La Cruz de La Reina y contemplar los acantilados de Guti\u00e9rrez y la costa noroeste de la isla de La Palma. A partir de aqu\u00ed nuestro&#8230;<\/p>\n","protected":false},"author":1,"featured_media":0,"parent":0,"menu_order":0,"comment_status":"closed","ping_status":"closed","template":"","meta":{"_eb_attr":""},"_links":{"self":[{"href":"http:\/\/turismopuntagorda.shidix.es\/index.php\/wp-json\/wp\/v2\/pages\/2020"}],"collection":[{"href":"http:\/\/turismopuntagorda.shidix.es\/index.php\/wp-json\/wp\/v2\/pages"}],"about":[{"href":"http:\/\/turismopuntagorda.shidix.es\/index.php\/wp-json\/wp\/v2\/types\/page"}],"author":[{"embeddable":true,"href":"http:\/\/turismopuntagorda.shidix.es\/index.php\/wp-json\/wp\/v2\/users\/1"}],"replies":[{"embeddable":true,"href":"http:\/\/turismopuntagorda.shidix.es\/index.php\/wp-json\/wp\/v2\/comments?post=2020"}],"version-history":[{"count":13,"href":"http:\/\/turismopuntagorda.shidix.es\/index.php\/wp-json\/wp\/v2\/pages\/2020\/revisions"}],"predecessor-version":[{"id":2047,"href":"http:\/\/turismopuntagorda.shidix.es\/index.php\/wp-json\/wp\/v2\/pages\/2020\/revisions\/2047"}],"wp:attachment":[{"href":"http:\/\/turismopuntagorda.shidix.es\/index.php\/wp-json\/wp\/v2\/media?parent=2020"}],"curies":[{"name":"wp","href":"https:\/\/api.w.org\/{rel}","templated":true}]}}